{"id":2889,"date":"2024-01-30T17:52:27","date_gmt":"2024-01-30T17:52:27","guid":{"rendered":"https:\/\/www.algarvevacaciones.com\/condiciones-generales\/"},"modified":"2024-03-16T21:37:39","modified_gmt":"2024-03-16T21:37:39","slug":"condiciones-generales","status":"publish","type":"page","link":"https:\/\/www.algarvevacaciones.com\/es\/condiciones-generales\/","title":{"rendered":"Condiciones generales"},"content":{"rendered":"\t\t<div data-elementor-type=\"wp-page\" data-elementor-id=\"2889\" class=\"elementor elementor-2889 elementor-2161\" data-elementor-post-type=\"page\">\n\t\t\t\t\t\t<section class=\"elementor-section elementor-top-section elementor-element elementor-element-267c675e elementor-section-height-min-height elementor-section-boxed elementor-section-height-default elementor-section-items-middle\" data-id=\"267c675e\" data-element_type=\"section\" data-e-type=\"section\" data-settings=\"{&quot;background_background&quot;:&quot;classic&quot;,&quot;background_motion_fx_motion_fx_scrolling&quot;:&quot;yes&quot;,&quot;background_motion_fx_translateX_effect&quot;:&quot;yes&quot;,&quot;background_motion_fx_translateX_speed&quot;:{&quot;unit&quot;:&quot;px&quot;,&quot;size&quot;:4,&quot;sizes&quot;:[]},&quot;background_motion_fx_translateX_affectedRange&quot;:{&quot;unit&quot;:&quot;%&quot;,&quot;size&quot;:&quot;&quot;,&quot;sizes&quot;:{&quot;start&quot;:0,&quot;end&quot;:100}},&quot;background_motion_fx_devices&quot;:[&quot;desktop&quot;,&quot;tablet&quot;,&quot;mobile&quot;]}\">\n\t\t\t\t\t\t\t<div class=\"elementor-background-overlay\"><\/div>\n\t\t\t\t\t\t\t<div class=\"elementor-container elementor-column-gap-no\">\n\t\t\t\t\t<div class=\"elementor-column elementor-col-100 elementor-top-column elementor-element elementor-element-64090db8\" data-id=\"64090db8\" data-element_type=\"column\" data-e-type=\"column\">\n\t\t\t<div class=\"elementor-widget-wrap elementor-element-populated\">\n\t\t\t\t\t\t<section class=\"elementor-section elementor-inner-section elementor-element elementor-element-7e035b2c elementor-section-content-middle elementor-section-boxed elementor-section-height-default elementor-section-height-default\" data-id=\"7e035b2c\" data-element_type=\"section\" data-e-type=\"section\">\n\t\t\t\t\t\t<div class=\"elementor-container elementor-column-gap-no\">\n\t\t\t\t\t<div class=\"elementor-column elementor-col-100 elementor-inner-column elementor-element elementor-element-6310885e\" data-id=\"6310885e\" data-element_type=\"column\" data-e-type=\"column\">\n\t\t\t<div class=\"elementor-widget-wrap elementor-element-populated\">\n\t\t\t\t\t\t\t<\/div>\n\t\t<\/div>\n\t\t\t\t\t<\/div>\n\t\t<\/section>\n\t\t\t\t\t<\/div>\n\t\t<\/div>\n\t\t\t\t\t<\/div>\n\t\t<\/section>\n\t\t<div class=\"elementor-element elementor-element-3dcbe7a e-flex e-con-boxed e-con e-parent\" data-id=\"3dcbe7a\" data-element_type=\"container\" data-e-type=\"container\">\n\t\t\t\t\t<div class=\"e-con-inner\">\n\t\t\t\t<div class=\"elementor-element elementor-element-176f72c elementor-widget elementor-widget-heading\" data-id=\"176f72c\" data-element_type=\"widget\" data-e-type=\"widget\" data-widget_type=\"heading.default\">\n\t\t\t\t<div class=\"elementor-widget-container\">\n\t\t\t\t\t<h2 class=\"elementor-heading-title elementor-size-default\"> Reservas y pagos\n<\/h2>\t\t\t\t<\/div>\n\t\t\t\t<\/div>\n\t\t\t\t<div class=\"elementor-element elementor-element-4954274 elementor-widget elementor-widget-text-editor\" data-id=\"4954274\" data-element_type=\"widget\" data-e-type=\"widget\" data-widget_type=\"text-editor.default\">\n\t\t\t\t<div class=\"elementor-widget-container\">\n\t\t\t\t\t\t\t\t\t<p>Se requiere un dep\u00f3sito del 20% del importe total de la estancia para efectuar la reserva. Al recibir la confirmaci\u00f3n de la transferencia banc\u00e1ria, se le enviar\u00e1 el correspondiente recibo-factura por correo electr\u00f3nico. M\u00e1s pr\u00f3ximo de la fecha nos pondremos en contacto para acordar la hora del check in. El valor restante del alquiler debe ser pago el d\u00eda de la entrada.<\/p>\t\t\t\t\t\t\t\t<\/div>\n\t\t\t\t<\/div>\n\t\t\t\t<div class=\"elementor-element elementor-element-80ac319 elementor-widget elementor-widget-heading\" data-id=\"80ac319\" data-element_type=\"widget\" data-e-type=\"widget\" data-widget_type=\"heading.default\">\n\t\t\t\t<div class=\"elementor-widget-container\">\n\t\t\t\t\t<h2 class=\"elementor-heading-title elementor-size-default\">Pol\u00edtica de cancelaci\u00f3n<\/h2>\t\t\t\t<\/div>\n\t\t\t\t<\/div>\n\t\t\t\t<div class=\"elementor-element elementor-element-63f596c elementor-widget elementor-widget-text-editor\" data-id=\"63f596c\" data-element_type=\"widget\" data-e-type=\"widget\" data-widget_type=\"text-editor.default\">\n\t\t\t\t<div class=\"elementor-widget-container\">\n\t\t\t\t\t\t\t\t\t<p>Nuestra pol\u00edtica de cancelaci\u00f3n es de 30 d\u00edas. Si cancela antes de 30 d\u00edas, emitiremos una nota de cr\u00e9dito por el importe del dep\u00f3sito que ya ha pagado para hacer la reserva y podr\u00e1 utilizarlo en el plazo de 1 a\u00f1o a partir de la fecha de la reserva.<\/p>\n\t\t\t\t\t\t\t\t<\/div>\n\t\t\t\t<\/div>\n\t\t\t\t<div class=\"elementor-element elementor-element-8cccf90 elementor-widget elementor-widget-heading\" data-id=\"8cccf90\" data-element_type=\"widget\" data-e-type=\"widget\" data-widget_type=\"heading.default\">\n\t\t\t\t<div class=\"elementor-widget-container\">\n\t\t\t\t\t<h2 class=\"elementor-heading-title elementor-size-default\">Check in y Check out<\/h2>\t\t\t\t<\/div>\n\t\t\t\t<\/div>\n\t\t\t\t<div class=\"elementor-element elementor-element-e7a2b23 elementor-widget elementor-widget-text-editor\" data-id=\"e7a2b23\" data-element_type=\"widget\" data-e-type=\"widget\" data-widget_type=\"text-editor.default\">\n\t\t\t\t<div class=\"elementor-widget-container\">\n\t\t\t\t\t\t\t\t\t<p>El check in empieza a las 16.00h y el check out es hasta las 11.00h. Las solicitudes de entrada antes de las 16.00h est\u00e1n sujetas a disponibilidad. Lo recibimos en el alojamiento, le explicaremos todo lo necesario y le entregaremos las llaves. Rogamos que nos comunique su hora prevista de llegada con antelaci\u00f3n o al menos 1 hora antes de llegar al apartamento. Si hay alg\u00fan cambio o imprevisto, p\u00f3ngase en contacto con nosotros lo antes posible.<\/p>\t\t\t\t\t\t\t\t<\/div>\n\t\t\t\t<\/div>\n\t\t\t\t<div class=\"elementor-element elementor-element-b585710 elementor-widget elementor-widget-heading\" data-id=\"b585710\" data-element_type=\"widget\" data-e-type=\"widget\" data-widget_type=\"heading.default\">\n\t\t\t\t<div class=\"elementor-widget-container\">\n\t\t\t\t\t<h2 class=\"elementor-heading-title elementor-size-default\">Registro de hu\u00e9spedes<\/h2>\t\t\t\t<\/div>\n\t\t\t\t<\/div>\n\t\t\t\t<div class=\"elementor-element elementor-element-68dfabd elementor-widget elementor-widget-text-editor\" data-id=\"68dfabd\" data-element_type=\"widget\" data-e-type=\"widget\" data-widget_type=\"text-editor.default\">\n\t\t\t\t<div class=\"elementor-widget-container\">\n\t\t\t\t\t\t\t\t\t<p>Antes de su llegada le enviaremos un enlace para que pueda rellenar el formulario con los datos de todos los hu\u00e9spedes para agilizar el check in. Si no puede completarlo online, podr\u00e1 hacerlo cuando llegue al alojamiento.<\/p><p>Somos conscientes de la importancia de los datos personales y por eso respetamos la informaci\u00f3n que nos facilita. Puede ver la autorizaci\u00f3n en el texto:<\/p><p>\u00abEste Alojamiento Local se compromete a respetar las normas sobre protecci\u00f3n de datos personales, de conformidad con el Reglamento (UE) 2016\/679 del Parlamento Europeo y del Consejo, de 27 de abril de 2016 (Reglamento General de Protecci\u00f3n de Datos &#8211; RGPD).<\/p><p>La recogida de datos personales tiene como \u00fanico fin facilitar la realizaci\u00f3n de actividades relacionadas con los servicios de alojamiento local, concretamente la gesti\u00f3n de reservas, reclamaciones y pagos. Los datos personales recogidos son esencialmente datos de identificaci\u00f3n (nombre, fecha de nacimiento, lugar de nacimiento, filiaci\u00f3n, sexo, nacionalidad, direcci\u00f3n y n\u00famero de tel\u00e9fono, direcci\u00f3n de correo electr\u00f3nico, n\u00famero de identificaci\u00f3n civil y fiscal; n\u00famero de pasaporte y lugar de expedici\u00f3n del documento); La persona responsable del tratamiento de los datos personales es Maria Laura Fernandes de Freitas, con la direcci\u00f3n de correo electr\u00f3nico algarvevacaciones@gmail.com; Los datos personales recogidos podr\u00e1n ser transferidos a la Agencia Tributaria, Turismo de Portugal o al Servicio de Extranjer\u00eda y Fronteras (SEF), con el \u00fanico fin de cumplir con las obligaciones legales a las que est\u00e1 sujeto. Los datos personales tambi\u00e9n podr\u00e1n transferirse a los tribunales y otras autoridades competentes, en estricto cumplimiento de lo dispuesto en la ley, concretamente cuando resulten necesarios para la resoluci\u00f3n de litigios y para actividades relacionadas con la protecci\u00f3n de la seguridad p\u00fablica, la defensa y la seguridad del Estado y la prevenci\u00f3n, investigaci\u00f3n o detecci\u00f3n de delitos.<br \/>Siempre que no exista un requisito legal espec\u00edfico, los datos s\u00f3lo se conservar\u00e1n durante el per\u00edodo m\u00ednimo necesario para cumplir los fines para los que fueron recogidos o posteriormente tratados, en los t\u00e9rminos definidos por la ley.<br \/>Mediante la firma del presente formulario, el Hu\u00e9sped declara haber le\u00eddo y comprendido el contenido de la presente Autorizaci\u00f3n, con la que consiente y autoriza expresamente al Alojamiento Local para el tratamiento de los datos personales recabados, en los t\u00e9rminos, para las finalidades y durante el plazo anteriormente indicados.<br \/>El Hu\u00e9sped declara expresamente que, con anterioridad a la firma del presente contrato, ha sido informado por el Alojamiento Local de su derecho a oponerse a la recogida y tratamiento de los datos, as\u00ed como de los medios de rectificaci\u00f3n, verificaci\u00f3n y\/o supresi\u00f3n de los datos de que dispone.\u00bb<\/p>\t\t\t\t\t\t\t\t<\/div>\n\t\t\t\t<\/div>\n\t\t\t\t<div class=\"elementor-element elementor-element-a2b5ace elementor-widget elementor-widget-heading\" data-id=\"a2b5ace\" data-element_type=\"widget\" data-e-type=\"widget\" data-widget_type=\"heading.default\">\n\t\t\t\t<div class=\"elementor-widget-container\">\n\t\t\t\t\t<h2 class=\"elementor-heading-title elementor-size-default\">Normas de los apartamentos y condominios<\/h2>\t\t\t\t<\/div>\n\t\t\t\t<\/div>\n\t\t\t\t<div class=\"elementor-element elementor-element-c5cb3ed elementor-widget elementor-widget-text-editor\" data-id=\"c5cb3ed\" data-element_type=\"widget\" data-e-type=\"widget\" data-widget_type=\"text-editor.default\">\n\t\t\t\t<div class=\"elementor-widget-container\">\n\t\t\t\t\t\t\t\t\t<p><strong>1.<\/strong> Los hu\u00e9spedes son responsables del comportamiento de todas las personas que les acompa\u00f1en y deben evitar cualquier actividad ilegal o contraria a la salud p\u00fablica;<\/p><p><strong>2.<\/strong> No est\u00e1 permitido organizar eventos o fiestas;<\/p><p><strong>3.<\/strong> No se admiten animales de compa\u00f1\u00eda;<\/p><p><strong>4.<\/strong> Pedimos que respete a los vecinos guardando silencio entre las 10 de la noche y las 9 de la ma\u00f1ana;<\/p><p><strong>5.<\/strong> No est\u00e1 permitido fumar dentro de la casa ni en las zonas comunes del edificio. Podr\u00e1 hacerlo en el balc\u00f3n del alojamiento. Cada piso tiene un cenicero, rogamos no tirar cenizas ni colillas por el balc\u00f3n;<\/p><p><strong>6.<\/strong> No debe superarse la capacidad m\u00e1xima del alojamiento;<\/p><p><strong>7.<\/strong> Est\u00e1 prohibido dejar basura en las zonas comunes del edificio;<\/p><p><strong>8.<\/strong> Los hu\u00e9spedes son responsables de su propia seguridad y de la de sus acompa\u00f1antes, evitando abrir la puerta a personas desconocidas, utilizando las llaves de la propiedad con cuidado y cerrando siempre la puerta de entrada y salida del edificio y del alojamiento cada vez que entren y salgan;<\/p><p><strong>9.<\/strong> En preocupaci\u00f3n con la eficiencia energ\u00e9tica y la seguridad, no olvides apagar los ventiladores, calefactores, l\u00e1mparas y dem\u00e1s aparatos el\u00e9ctricos antes de salir del piso;<\/p><p><strong>10.<\/strong>La basura debe depositarse en las papeleras de la cocina y el cuarto de ba\u00f1o;<\/p><p><strong>11.<\/strong> No se autorizan los grupos de menores;<\/p><p><strong>12.<\/strong> Todos los hu\u00e9spedes, adultos y ni\u00f1os, que se alojen en el establecimiento deber\u00e1n presentar un documento de identidad o pasaporte con fotograf\u00eda en vigor, o un documento equivalente. Los menores que no est\u00e9n acompa\u00f1ados por sus padres deben disponer de una declaraci\u00f3n o autorizaci\u00f3n expedida por el titular del derecho de custodia para poder ser alojados.<\/p><p><strong>13.<\/strong> Por favor, intenta dejar el piso como lo encontraste, as\u00ed nos ayudas a conservarlo. Gracias por su cooperaci\u00f3n;<\/p><p><strong>14.<\/strong> El incumplimiento de las seis primeras normas puede impedir al hu\u00e9sped disfrutar del apartamento.<\/p>\t\t\t\t\t\t\t\t<\/div>\n\t\t\t\t<\/div>\n\t\t\t\t\t<\/div>\n\t\t\t\t<\/div>\n\t\t\t\t<\/div>\n\t\t","protected":false},"excerpt":{"rendered":"<p>Reservas y pagos Se requiere un dep\u00f3sito del 20% del importe total de la estancia para efectuar la reserva. Al recibir la confirmaci\u00f3n de la transferencia banc\u00e1ria, se le enviar\u00e1 el correspondiente recibo-factura por correo electr\u00f3nico. M\u00e1s pr\u00f3ximo de la fecha nos pondremos en contacto para acordar la hora del check in. El valor restante [&hellip;]<\/p>\n","protected":false},"author":1,"featured_media":0,"parent":0,"menu_order":0,"comment_status":"closed","ping_status":"closed","template":"elementor_header_footer","meta":{"footnotes":""},"class_list":["post-2889","page","type-page","status-publish","hentry"],"yoast_head":"<!-- This site is optimized with the Yoast SEO plugin v27.1.1 - https:\/\/yoast.com\/product\/yoast-seo-wordpress\/ -->\n<title>Condiciones generales - Algarve Vacaciones<\/title>\n<meta name=\"description\" content=\"La entrada es a partir de las 16h00 y la salida hasta las 11h00. Las entradas antes de las 16:00 est\u00e1n sujetas a disponibilidad.\" \/>\n<meta name=\"robots\" content=\"index, follow, max-snippet:-1, max-image-preview:large, max-video-preview:-1\" \/>\n<link rel=\"canonical\" href=\"https:\/\/www.algarvevacaciones.com\/es\/condiciones-generales\/\" \/>\n<meta property=\"og:locale\" content=\"es_ES\" \/>\n<meta property=\"og:type\" content=\"article\" \/>\n<meta property=\"og:title\" content=\"Condiciones generales - Algarve Vacaciones\" \/>\n<meta property=\"og:description\" content=\"La entrada es a partir de las 16h00 y la salida hasta las 11h00. Las entradas antes de las 16:00 est\u00e1n sujetas a disponibilidad.\" \/>\n<meta property=\"og:url\" content=\"https:\/\/www.algarvevacaciones.com\/es\/condiciones-generales\/\" \/>\n<meta property=\"og:site_name\" content=\"Algarve Vacaciones\" \/>\n<meta property=\"article:modified_time\" content=\"2024-03-16T21:37:39+00:00\" \/>\n<meta name=\"twitter:card\" content=\"summary_large_image\" \/>\n<meta name=\"twitter:label1\" content=\"Tiempo de lectura\" \/>\n\t<meta name=\"twitter:data1\" content=\"5 minutos\" \/>\n<script type=\"application\/ld+json\" class=\"yoast-schema-graph\">{\"@context\":\"https:\/\/schema.org\",\"@graph\":[{\"@type\":\"WebPage\",\"@id\":\"https:\/\/www.algarvevacaciones.com\/es\/condiciones-generales\/\",\"url\":\"https:\/\/www.algarvevacaciones.com\/es\/condiciones-generales\/\",\"name\":\"Condiciones generales - Algarve Vacaciones\",\"isPartOf\":{\"@id\":\"https:\/\/www.algarvevacaciones.com\/#website\"},\"datePublished\":\"2024-01-30T17:52:27+00:00\",\"dateModified\":\"2024-03-16T21:37:39+00:00\",\"description\":\"La entrada es a partir de las 16h00 y la salida hasta las 11h00. Las entradas antes de las 16:00 est\u00e1n sujetas a disponibilidad.\",\"breadcrumb\":{\"@id\":\"https:\/\/www.algarvevacaciones.com\/es\/condiciones-generales\/#breadcrumb\"},\"inLanguage\":\"es\",\"potentialAction\":[{\"@type\":\"ReadAction\",\"target\":[\"https:\/\/www.algarvevacaciones.com\/es\/condiciones-generales\/\"]}]},{\"@type\":\"BreadcrumbList\",\"@id\":\"https:\/\/www.algarvevacaciones.com\/es\/condiciones-generales\/#breadcrumb\",\"itemListElement\":[{\"@type\":\"ListItem\",\"position\":1,\"name\":\"In\u00edcio\",\"item\":\"https:\/\/www.algarvevacaciones.com\/es\/\"},{\"@type\":\"ListItem\",\"position\":2,\"name\":\"Condiciones generales\"}]},{\"@type\":\"WebSite\",\"@id\":\"https:\/\/www.algarvevacaciones.com\/#website\",\"url\":\"https:\/\/www.algarvevacaciones.com\/\",\"name\":\"Algarve Vacaciones\",\"description\":\"Alojamento Local em Quarteira\",\"publisher\":{\"@id\":\"https:\/\/www.algarvevacaciones.com\/#organization\"},\"potentialAction\":[{\"@type\":\"SearchAction\",\"target\":{\"@type\":\"EntryPoint\",\"urlTemplate\":\"https:\/\/www.algarvevacaciones.com\/?s={search_term_string}\"},\"query-input\":{\"@type\":\"PropertyValueSpecification\",\"valueRequired\":true,\"valueName\":\"search_term_string\"}}],\"inLanguage\":\"es\"},{\"@type\":\"Organization\",\"@id\":\"https:\/\/www.algarvevacaciones.com\/#organization\",\"name\":\"Algarve Vacaciones\",\"url\":\"https:\/\/www.algarvevacaciones.com\/\",\"logo\":{\"@type\":\"ImageObject\",\"inLanguage\":\"es\",\"@id\":\"https:\/\/www.algarvevacaciones.com\/#\/schema\/logo\/image\/\",\"url\":\"https:\/\/www.algarvevacaciones.com\/wp-content\/uploads\/2023\/11\/cropped-Algarve-Vacaciones-branco.png\",\"contentUrl\":\"https:\/\/www.algarvevacaciones.com\/wp-content\/uploads\/2023\/11\/cropped-Algarve-Vacaciones-branco.png\",\"width\":750,\"height\":316,\"caption\":\"Algarve Vacaciones\"},\"image\":{\"@id\":\"https:\/\/www.algarvevacaciones.com\/#\/schema\/logo\/image\/\"}}]}<\/script>\n<!-- \/ Yoast SEO plugin. -->","yoast_head_json":{"title":"Condiciones generales - Algarve Vacaciones","description":"La entrada es a partir de las 16h00 y la salida hasta las 11h00. Las entradas antes de las 16:00 est\u00e1n sujetas a disponibilidad.","robots":{"index":"index","follow":"follow","max-snippet":"max-snippet:-1","max-image-preview":"max-image-preview:large","max-video-preview":"max-video-preview:-1"},"canonical":"https:\/\/www.algarvevacaciones.com\/es\/condiciones-generales\/","og_locale":"es_ES","og_type":"article","og_title":"Condiciones generales - Algarve Vacaciones","og_description":"La entrada es a partir de las 16h00 y la salida hasta las 11h00. Las entradas antes de las 16:00 est\u00e1n sujetas a disponibilidad.","og_url":"https:\/\/www.algarvevacaciones.com\/es\/condiciones-generales\/","og_site_name":"Algarve Vacaciones","article_modified_time":"2024-03-16T21:37:39+00:00","twitter_card":"summary_large_image","twitter_misc":{"Tiempo de lectura":"5 minutos"},"schema":{"@context":"https:\/\/schema.org","@graph":[{"@type":"WebPage","@id":"https:\/\/www.algarvevacaciones.com\/es\/condiciones-generales\/","url":"https:\/\/www.algarvevacaciones.com\/es\/condiciones-generales\/","name":"Condiciones generales - Algarve Vacaciones","isPartOf":{"@id":"https:\/\/www.algarvevacaciones.com\/#website"},"datePublished":"2024-01-30T17:52:27+00:00","dateModified":"2024-03-16T21:37:39+00:00","description":"La entrada es a partir de las 16h00 y la salida hasta las 11h00. Las entradas antes de las 16:00 est\u00e1n sujetas a disponibilidad.","breadcrumb":{"@id":"https:\/\/www.algarvevacaciones.com\/es\/condiciones-generales\/#breadcrumb"},"inLanguage":"es","potentialAction":[{"@type":"ReadAction","target":["https:\/\/www.algarvevacaciones.com\/es\/condiciones-generales\/"]}]},{"@type":"BreadcrumbList","@id":"https:\/\/www.algarvevacaciones.com\/es\/condiciones-generales\/#breadcrumb","itemListElement":[{"@type":"ListItem","position":1,"name":"In\u00edcio","item":"https:\/\/www.algarvevacaciones.com\/es\/"},{"@type":"ListItem","position":2,"name":"Condiciones generales"}]},{"@type":"WebSite","@id":"https:\/\/www.algarvevacaciones.com\/#website","url":"https:\/\/www.algarvevacaciones.com\/","name":"Algarve Vacaciones","description":"Alojamento Local em Quarteira","publisher":{"@id":"https:\/\/www.algarvevacaciones.com\/#organization"},"potentialAction":[{"@type":"SearchAction","target":{"@type":"EntryPoint","urlTemplate":"https:\/\/www.algarvevacaciones.com\/?s={search_term_string}"},"query-input":{"@type":"PropertyValueSpecification","valueRequired":true,"valueName":"search_term_string"}}],"inLanguage":"es"},{"@type":"Organization","@id":"https:\/\/www.algarvevacaciones.com\/#organization","name":"Algarve Vacaciones","url":"https:\/\/www.algarvevacaciones.com\/","logo":{"@type":"ImageObject","inLanguage":"es","@id":"https:\/\/www.algarvevacaciones.com\/#\/schema\/logo\/image\/","url":"https:\/\/www.algarvevacaciones.com\/wp-content\/uploads\/2023\/11\/cropped-Algarve-Vacaciones-branco.png","contentUrl":"https:\/\/www.algarvevacaciones.com\/wp-content\/uploads\/2023\/11\/cropped-Algarve-Vacaciones-branco.png","width":750,"height":316,"caption":"Algarve Vacaciones"},"image":{"@id":"https:\/\/www.algarvevacaciones.com\/#\/schema\/logo\/image\/"}}]}},"_links":{"self":[{"href":"https:\/\/www.algarvevacaciones.com\/es\/wp-json\/wp\/v2\/pages\/2889","targetHints":{"allow":["GET"]}}],"collection":[{"href":"https:\/\/www.algarvevacaciones.com\/es\/wp-json\/wp\/v2\/pages"}],"about":[{"href":"https:\/\/www.algarvevacaciones.com\/es\/wp-json\/wp\/v2\/types\/page"}],"author":[{"embeddable":true,"href":"https:\/\/www.algarvevacaciones.com\/es\/wp-json\/wp\/v2\/users\/1"}],"replies":[{"embeddable":true,"href":"https:\/\/www.algarvevacaciones.com\/es\/wp-json\/wp\/v2\/comments?post=2889"}],"version-history":[{"count":27,"href":"https:\/\/www.algarvevacaciones.com\/es\/wp-json\/wp\/v2\/pages\/2889\/revisions"}],"predecessor-version":[{"id":3519,"href":"https:\/\/www.algarvevacaciones.com\/es\/wp-json\/wp\/v2\/pages\/2889\/revisions\/3519"}],"wp:attachment":[{"href":"https:\/\/www.algarvevacaciones.com\/es\/wp-json\/wp\/v2\/media?parent=2889"}],"curies":[{"name":"wp","href":"https:\/\/api.w.org\/{rel}","templated":true}]}}